{"id":195,"date":"2025-08-25T09:32:13","date_gmt":"2025-08-25T09:32:13","guid":{"rendered":"https:\/\/simsonmotorrad.de\/?page_id=195"},"modified":"2025-08-25T09:39:21","modified_gmt":"2025-08-25T09:39:21","slug":"elementor-195","status":"publish","type":"page","link":"https:\/\/simsonmotorrad.de\/?page_id=195","title":{"rendered":"Elementor #195"},"content":{"rendered":"\t\t<div data-elementor-type=\"wp-page\" data-elementor-id=\"195\" class=\"elementor elementor-195\">\n\t\t\t\t<div class=\"elementor-element elementor-element-639c8a1 e-flex e-con-boxed e-con e-parent\" data-id=\"639c8a1\" data-element_type=\"container\">\n\t\t\t\t\t<div class=\"e-con-inner\">\n\t\t\t\t<div class=\"elementor-element elementor-element-266b249 elementor-widget elementor-widget-heading\" data-id=\"266b249\" data-element_type=\"widget\" data-widget_type=\"heading.default\">\n\t\t\t\t\t<h2 class=\"elementor-heading-title elementor-size-default\">Exklusive Waffenlieferungen an die Reichswehr (1925)<\/h2>\t\t\t\t<\/div>\n\t\t\t\t\t<\/div>\n\t\t\t\t<\/div>\n\t\t<div class=\"elementor-element elementor-element-fa1cd5d e-flex e-con-boxed e-con e-parent\" data-id=\"fa1cd5d\" data-element_type=\"container\">\n\t\t\t\t\t<div class=\"e-con-inner\">\n\t\t\t\t<div class=\"elementor-element elementor-element-97c1b6f elementor-widget elementor-widget-text-editor\" data-id=\"97c1b6f\" data-element_type=\"widget\" data-widget_type=\"text-editor.default\">\n\t\t\t\t\t\t\t\t\t<p>Nach dem Ersten Weltkrieg unterlag die deutsche R\u00fcstungsindustrie strikten Auflagen. Die Interalliierte Abr\u00fcstungskommission untersagte die Herstellung von Milit\u00e4rwaffen f\u00fcr den Inlandseinsatz, lie\u00df jedoch zu, dass defekte P\u201108\u2011Pistolen der Reichswehr instand gesetzt wurden. Da das ehemalige Waffenarsenal in Erfurt geschlossen bleiben musste, wurden die daf\u00fcr n\u00f6tigen Maschinen nach Suhl verlagert und der j\u00fcdischen Firma Simson\u00a0&amp;\u00a0Co. die Fertigung \u00fcbertragen. 1925 schrieb das Reichswehrministerium einen gro\u00dfen Auftrag zur Produktion neuer Parabellum\u2011Pistolen aus; Simson nahm ihn an und wurde dadurch zum gr\u00f6\u00dften Waffenproduzenten der Region sowie zum einzigen offiziell lizenzierten Hersteller von Milit\u00e4rpistolen und Maschinengewehren. Von da an musste die Reichswehr ihre Handfeuerwaffen ausschlie\u00dflich bei Simson bestellen.<\/p>\t\t\t\t\t\t\t\t<\/div>\n\t\t\t\t\t<\/div>\n\t\t\t\t<\/div>\n\t\t<div class=\"elementor-element elementor-element-11a4f91 e-flex e-con-boxed e-con e-parent\" data-id=\"11a4f91\" data-element_type=\"container\">\n\t\t\t\t\t<div class=\"e-con-inner\">\n\t\t\t\t<div class=\"elementor-element elementor-element-7963bad elementor-widget elementor-widget-image\" data-id=\"7963bad\" data-element_type=\"widget\" data-widget_type=\"image.default\">\n\t\t\t\t\t\t\t\t\t\t\t\t\t\t\t<img fetchpriority=\"high\" decoding=\"async\" width=\"400\" height=\"359\" src=\"https:\/\/simsonmotorrad.de\/wp-content\/uploads\/2025\/08\/51344405071_d93c88de9c_w_bw.jpg\" class=\"attachment-large size-large wp-image-197\" alt=\"\" srcset=\"https:\/\/simsonmotorrad.de\/wp-content\/uploads\/2025\/08\/51344405071_d93c88de9c_w_bw.jpg 400w, https:\/\/simsonmotorrad.de\/wp-content\/uploads\/2025\/08\/51344405071_d93c88de9c_w_bw-300x269.jpg 300w\" sizes=\"(max-width: 400px) 100vw, 400px\" \/>\t\t\t\t\t\t\t\t\t\t\t\t\t\t\t<\/div>\n\t\t\t\t\t<\/div>\n\t\t\t\t<\/div>\n\t\t<div class=\"elementor-element elementor-element-0c6004c e-flex e-con-boxed e-con e-parent\" data-id=\"0c6004c\" data-element_type=\"container\">\n\t\t\t\t\t<div class=\"e-con-inner\">\n\t\t\t\t<div class=\"elementor-element elementor-element-098c2af elementor-widget elementor-widget-text-editor\" data-id=\"098c2af\" data-element_type=\"widget\" data-widget_type=\"text-editor.default\">\n\t\t\t\t\t\t\t\t\t<p>Dieses Monopol machte Simson zu einem unverzichtbaren Partner des Heeres. Zwischen 1925 und 1934 fertigte das Werk mehrere zehntausend Luger\u2011Pistolen und \u00fcbernahm parallel die Reparatur von Gewehren und Maschinenwaffen. Der Erfolg erregte jedoch den Neid anderer Hersteller, die 1933 beim neuen Regime gegen Simson intrigierten. Schon bald geriet die Firma wegen ihrer j\u00fcdischen Inhaber ins Visier der Nationalsozialisten: Arthur\u00a0Simson wurde 1935 verhaftet und gezwungen, das Unternehmen an NS\u2011Funktion\u00e4re zu \u00fcbertragen. Damit war der H\u00f6hepunkt der Zusammenarbeit mit der Reichswehr zugleich der Beginn des tragischen Endes von Simson\u00a0&amp;\u00a0Co. als eigenst\u00e4ndigem Familienbetrieb.<\/p>\t\t\t\t\t\t\t\t<\/div>\n\t\t\t\t\t<\/div>\n\t\t\t\t<\/div>\n\t\t\t\t<\/div>\n\t\t","protected":false},"excerpt":{"rendered":"<p>Exklusive Waffenlieferungen an die Reichswehr (1925) Nach dem Ersten Weltkrieg unterlag die deutsche R\u00fcstungsindustrie strikten Auflagen. Die Interalliierte Abr\u00fcstungskommission untersagte die Herstellung von Milit\u00e4rwaffen f\u00fcr den Inlandseinsatz, lie\u00df jedoch zu, dass defekte P\u201108\u2011Pistolen der Reichswehr instand gesetzt wurden. Da das ehemalige Waffenarsenal in Erfurt geschlossen bleiben musste, wurden die daf\u00fcr n\u00f6tigen Maschinen nach Suhl verlagert [&hellip;]<\/p>\n","protected":false},"author":2,"featured_media":0,"parent":0,"menu_order":0,"comment_status":"closed","ping_status":"closed","template":"elementor_header_footer","meta":{"footnotes":""},"class_list":["post-195","page","type-page","status-publish","hentry"],"_links":{"self":[{"href":"https:\/\/simsonmotorrad.de\/index.php?rest_route=\/wp\/v2\/pages\/195","targetHints":{"allow":["GET"]}}],"collection":[{"href":"https:\/\/simsonmotorrad.de\/index.php?rest_route=\/wp\/v2\/pages"}],"about":[{"href":"https:\/\/simsonmotorrad.de\/index.php?rest_route=\/wp\/v2\/types\/page"}],"author":[{"embeddable":true,"href":"https:\/\/simsonmotorrad.de\/index.php?rest_route=\/wp\/v2\/users\/2"}],"replies":[{"embeddable":true,"href":"https:\/\/simsonmotorrad.de\/index.php?rest_route=%2Fwp%2Fv2%2Fcomments&post=195"}],"version-history":[{"count":7,"href":"https:\/\/simsonmotorrad.de\/index.php?rest_route=\/wp\/v2\/pages\/195\/revisions"}],"predecessor-version":[{"id":204,"href":"https:\/\/simsonmotorrad.de\/index.php?rest_route=\/wp\/v2\/pages\/195\/revisions\/204"}],"wp:attachment":[{"href":"https:\/\/simsonmotorrad.de\/index.php?rest_route=%2Fwp%2Fv2%2Fmedia&parent=195"}],"curies":[{"name":"wp","href":"https:\/\/api.w.org\/{rel}","templated":true}]}}