{"id":148,"date":"2025-08-13T07:18:26","date_gmt":"2025-08-13T07:18:26","guid":{"rendered":"https:\/\/simsonmotorrad.de\/?page_id=148"},"modified":"2025-08-21T10:04:52","modified_gmt":"2025-08-21T10:04:52","slug":"elementor-148","status":"publish","type":"page","link":"https:\/\/simsonmotorrad.de\/?page_id=148","title":{"rendered":"Elementor #148"},"content":{"rendered":"\t\t<div data-elementor-type=\"wp-page\" data-elementor-id=\"148\" class=\"elementor elementor-148\">\n\t\t\t\t<div class=\"elementor-element elementor-element-854b739 e-flex e-con-boxed e-con e-parent\" data-id=\"854b739\" data-element_type=\"container\">\n\t\t\t\t\t<div class=\"e-con-inner\">\n\t\t\t\t<div class=\"elementor-element elementor-element-4220fd5 elementor-widget elementor-widget-heading\" data-id=\"4220fd5\" data-element_type=\"widget\" data-widget_type=\"heading.default\">\n\t\t\t\t\t<h2 class=\"elementor-heading-title elementor-size-default\">Beginn der Fahrradproduktion \u2013 1896<\/h2>\t\t\t\t<\/div>\n\t\t\t\t\t<\/div>\n\t\t\t\t<\/div>\n\t\t<div class=\"elementor-element elementor-element-8dc01c9 e-flex e-con-boxed e-con e-parent\" data-id=\"8dc01c9\" data-element_type=\"container\">\n\t\t\t\t\t<div class=\"e-con-inner\">\n\t\t\t\t<div class=\"elementor-element elementor-element-5766ed3 elementor-widget elementor-widget-text-editor\" data-id=\"5766ed3\" data-element_type=\"widget\" data-widget_type=\"text-editor.default\">\n\t\t\t\t\t\t\t\t\t<p><span class=\"relative -mx-px my-[-0.2rem] rounded px-px py-[0.2rem] transition-colors duration-100 ease-in-out\">Bereits 1896 erweiterte Simson &amp; Co. sein Produktspektrum: Von Stahl und Waffen zu Fahrr\u00e4dern \u2013 eine entscheidende Wende. Inspiriert von englischen Laufmaschinen entwickelte Suhl das erste Simson\u2011Rad \u2013 mit Stahlrohrrahmen, rechtwinkliger Geometrie, verl\u00e4sslichen Felgen und Pedalantrieb.<\/span><br data-start=\"1008\" data-end=\"1011\" \/><span class=\"relative -mx-px my-[-0.2rem] rounded px-px py-[0.2rem] transition-colors duration-100 ease-in-out\">Die robuste Konstruktion setzte auf Einfachheit: keine Gangschaltung, minimaler Aufwand \u2013 daf\u00fcr maximale Belastbarkeit. Damit wurde ein neues Kapitel aufgeschlagen: Simson etablierte sich als eine der ersten Fahrradmanufakturen S\u00fcdth\u00fcringens. Bis 1904 wuchs die Belegschaft auf rund 1200 Besch\u00e4ftigte \u2013 ein Indiz f\u00fcr den Erfolg des neuen Bereichs.<\/span><\/p>\t\t\t\t\t\t\t\t<\/div>\n\t\t\t\t\t<\/div>\n\t\t\t\t<\/div>\n\t\t<div class=\"elementor-element elementor-element-36f4383 e-flex e-con-boxed e-con e-parent\" data-id=\"36f4383\" data-element_type=\"container\">\n\t\t\t\t\t<div class=\"e-con-inner\">\n\t\t\t\t<div class=\"elementor-element elementor-element-37d7d20 elementor-widget elementor-widget-image\" data-id=\"37d7d20\" data-element_type=\"widget\" data-widget_type=\"image.default\">\n\t\t\t\t\t\t\t\t\t\t\t\t\t\t\t<img fetchpriority=\"high\" decoding=\"async\" width=\"1024\" height=\"806\" src=\"https:\/\/simsonmotorrad.de\/wp-content\/uploads\/2025\/08\/3594419222_465f475bd7_b.jpg\" class=\"attachment-1536x1536 size-1536x1536 wp-image-160\" alt=\"\" srcset=\"https:\/\/simsonmotorrad.de\/wp-content\/uploads\/2025\/08\/3594419222_465f475bd7_b.jpg 1024w, https:\/\/simsonmotorrad.de\/wp-content\/uploads\/2025\/08\/3594419222_465f475bd7_b-300x236.jpg 300w, https:\/\/simsonmotorrad.de\/wp-content\/uploads\/2025\/08\/3594419222_465f475bd7_b-768x605.jpg 768w\" sizes=\"(max-width: 1024px) 100vw, 1024px\" \/>\t\t\t\t\t\t\t\t\t\t\t\t\t\t\t<\/div>\n\t\t\t\t\t<\/div>\n\t\t\t\t<\/div>\n\t\t<div class=\"elementor-element elementor-element-fbdfeeb e-flex e-con-boxed e-con e-parent\" data-id=\"fbdfeeb\" data-element_type=\"container\">\n\t\t\t\t\t<div class=\"e-con-inner\">\n\t\t\t\t<div class=\"elementor-element elementor-element-843959e elementor-widget elementor-widget-text-editor\" data-id=\"843959e\" data-element_type=\"widget\" data-widget_type=\"text-editor.default\">\n\t\t\t\t\t\t\t\t\t<p><span class=\"relative -mx-px my-[-0.2rem] rounded px-px py-[0.2rem] transition-colors duration-100 ease-in-out\">Die Fahrr\u00e4der legten den Grundstein f\u00fcr sp\u00e4tere Innovationen: Automobile (ab 1907) oder Motorr\u00e4der. Sie symbolisieren den Wandel vom Waffen\u2011 zum Mobilit\u00e4tsproduzenten \u2013 den Beginn der legend\u00e4ren Simson\u2011Zweiradfamilie.<\/span><br data-start=\"1129\" data-end=\"1132\" \/><span class=\"relative -mx-px my-[-0.2rem] rounded px-px py-[0.2rem] transition-colors duration-100 ease-in-out\">Wer diesen fr\u00fchen Meilenstein erkundet, erlebt die Kraft der ersten Pedale \u2013 den ersten Schritt in eine ganze Geschichte.<\/span><\/p>\t\t\t\t\t\t\t\t<\/div>\n\t\t\t\t\t<\/div>\n\t\t\t\t<\/div>\n\t\t\t\t<\/div>\n\t\t","protected":false},"excerpt":{"rendered":"<p>Beginn der Fahrradproduktion \u2013 1896 Bereits 1896 erweiterte Simson &amp; Co. sein Produktspektrum: Von Stahl und Waffen zu Fahrr\u00e4dern \u2013 eine entscheidende Wende. Inspiriert von englischen Laufmaschinen entwickelte Suhl das erste Simson\u2011Rad \u2013 mit Stahlrohrrahmen, rechtwinkliger Geometrie, verl\u00e4sslichen Felgen und Pedalantrieb.Die robuste Konstruktion setzte auf Einfachheit: keine Gangschaltung, minimaler Aufwand \u2013 daf\u00fcr maximale Belastbarkeit. Damit [&hellip;]<\/p>\n","protected":false},"author":2,"featured_media":0,"parent":0,"menu_order":0,"comment_status":"closed","ping_status":"closed","template":"elementor_header_footer","meta":{"footnotes":""},"class_list":["post-148","page","type-page","status-publish","hentry"],"_links":{"self":[{"href":"https:\/\/simsonmotorrad.de\/index.php?rest_route=\/wp\/v2\/pages\/148","targetHints":{"allow":["GET"]}}],"collection":[{"href":"https:\/\/simsonmotorrad.de\/index.php?rest_route=\/wp\/v2\/pages"}],"about":[{"href":"https:\/\/simsonmotorrad.de\/index.php?rest_route=\/wp\/v2\/types\/page"}],"author":[{"embeddable":true,"href":"https:\/\/simsonmotorrad.de\/index.php?rest_route=\/wp\/v2\/users\/2"}],"replies":[{"embeddable":true,"href":"https:\/\/simsonmotorrad.de\/index.php?rest_route=%2Fwp%2Fv2%2Fcomments&post=148"}],"version-history":[{"count":11,"href":"https:\/\/simsonmotorrad.de\/index.php?rest_route=\/wp\/v2\/pages\/148\/revisions"}],"predecessor-version":[{"id":173,"href":"https:\/\/simsonmotorrad.de\/index.php?rest_route=\/wp\/v2\/pages\/148\/revisions\/173"}],"wp:attachment":[{"href":"https:\/\/simsonmotorrad.de\/index.php?rest_route=%2Fwp%2Fv2%2Fmedia&parent=148"}],"curies":[{"name":"wp","href":"https:\/\/api.w.org\/{rel}","templated":true}]}}