{"id":136,"date":"2025-07-23T11:32:45","date_gmt":"2025-07-23T11:32:45","guid":{"rendered":"https:\/\/simsonmotorrad.de\/?page_id=136"},"modified":"2025-08-25T07:58:17","modified_gmt":"2025-08-25T07:58:17","slug":"136-2","status":"publish","type":"page","link":"https:\/\/simsonmotorrad.de\/?page_id=136","title":{"rendered":"Suhl"},"content":{"rendered":"\t\t<div data-elementor-type=\"wp-page\" data-elementor-id=\"136\" class=\"elementor elementor-136\">\n\t\t\t\t<div class=\"elementor-element elementor-element-88cfc8f e-flex e-con-boxed e-con e-parent\" data-id=\"88cfc8f\" data-element_type=\"container\">\n\t\t\t\t\t<div class=\"e-con-inner\">\n\t\t\t\t<div class=\"elementor-element elementor-element-a3377fb elementor-widget elementor-widget-heading\" data-id=\"a3377fb\" data-element_type=\"widget\" data-widget_type=\"heading.default\">\n\t\t\t\t\t<h2 class=\"elementor-heading-title elementor-size-default\">Die Anf\u00e4nge von Simson in Suhl (1856)<\/h2>\t\t\t\t<\/div>\n\t\t\t\t\t<\/div>\n\t\t\t\t<\/div>\n\t\t<div class=\"elementor-element elementor-element-c27f172 e-flex e-con-boxed e-con e-parent\" data-id=\"c27f172\" data-element_type=\"container\">\n\t\t\t\t\t<div class=\"e-con-inner\">\n\t\t\t\t<div class=\"elementor-element elementor-element-dd3be73 elementor-widget elementor-widget-text-editor\" data-id=\"dd3be73\" data-element_type=\"widget\" data-widget_type=\"text-editor.default\">\n\t\t\t\t\t\t\t\t\t<p style=\"color: #545454; font-family: 'Open Sans', 'Helvetica Neue', helvetica, arial, sans-serif;\">Die Geschichte der legend\u00e4ren Marke Simson begann 1856 im Herzen des Th\u00fcringer Waldes, in der Stadt Suhl, die schon damals f\u00fcr ihre traditionsreiche Waffen- und Metallherstellung bekannt war. Genau hier gr\u00fcndeten die Br\u00fcder L\u00f6b und Moses Simson die Firma Simson &amp; Co. Ihre urspr\u00fcngliche Absicht war nicht die Produktion von Motorr\u00e4dern, sondern die Herstellung von erstklassigem Karbonstahl, der bald zur Grundlage f\u00fcr die Fertigung von Jagd- und Milit\u00e4rwaffen wurde.<\/p><p style=\"color: #545454; font-family: 'Open Sans', 'Helvetica Neue', helvetica, arial, sans-serif;\">\u00a0<\/p>\t\t\t\t\t\t\t\t<\/div>\n\t\t\t\t<div class=\"elementor-element elementor-element-135b968 elementor-widget elementor-widget-image\" data-id=\"135b968\" data-element_type=\"widget\" data-widget_type=\"image.default\">\n\t\t\t\t\t\t\t\t\t\t\t\t\t\t\t<img fetchpriority=\"high\" decoding=\"async\" width=\"1024\" height=\"702\" src=\"https:\/\/simsonmotorrad.de\/wp-content\/uploads\/2025\/07\/51403294412_635c2d817e_b-1.jpg\" class=\"attachment-large size-large wp-image-88\" alt=\"\" srcset=\"https:\/\/simsonmotorrad.de\/wp-content\/uploads\/2025\/07\/51403294412_635c2d817e_b-1.jpg 1024w, https:\/\/simsonmotorrad.de\/wp-content\/uploads\/2025\/07\/51403294412_635c2d817e_b-1-300x206.jpg 300w, https:\/\/simsonmotorrad.de\/wp-content\/uploads\/2025\/07\/51403294412_635c2d817e_b-1-768x527.jpg 768w\" sizes=\"(max-width: 1024px) 100vw, 1024px\" \/>\t\t\t\t\t\t\t\t\t\t\t\t\t\t\t<\/div>\n\t\t\t\t<div class=\"elementor-element elementor-element-8e374be elementor-widget elementor-widget-text-editor\" data-id=\"8e374be\" data-element_type=\"widget\" data-widget_type=\"text-editor.default\">\n\t\t\t\t\t\t\t\t\t<p style=\"padding-bottom: 1.563rem; color: #545454; font-family: 'Open Sans', 'Helvetica Neue', helvetica, arial, sans-serif;\">Die Simson-Br\u00fcder erarbeiteten sich durch die pr\u00e4zise Verarbeitung und Zuverl\u00e4ssigkeit ihrer Produkte schnell einen exzellenten Ruf. Ihr Fokus auf Qualit\u00e4t und ihr innovativer Ansatz legten den Grundstein f\u00fcr die zuk\u00fcnftige Expansion. Das Unternehmen wurde nicht nur ein weiterer Hersteller, sondern ein Symbol deutscher Ingenieurskunst. Genau diese Philosophie \u2013 die Verbindung von handwerklichem K\u00f6nnen mit modernen Technologien \u2013 erm\u00f6glichte es Simson, in den folgenden Jahrzehnten den \u00dcbergang von Waffen zu Fahrr\u00e4dern, Automobilen und schlie\u00dflich zu den Motorr\u00e4dern zu vollziehen, die die Herzen von Generationen eroberten. Die Anf\u00e4nge in Suhl waren somit nicht nur die Gr\u00fcndung einer Firma, sondern die Geburt einer Legende.<\/p><div>\u00a0<\/div>\t\t\t\t\t\t\t\t<\/div>\n\t\t\t\t\t<\/div>\n\t\t\t\t<\/div>\n\t\t<div class=\"elementor-element elementor-element-9c268f0 e-flex e-con-boxed e-con e-parent\" data-id=\"9c268f0\" data-element_type=\"container\">\n\t\t\t\t\t<div class=\"e-con-inner\">\n\t\t\t\t\t<\/div>\n\t\t\t\t<\/div>\n\t\t\t\t<\/div>\n\t\t","protected":false},"excerpt":{"rendered":"<p>Die Anf\u00e4nge von Simson in Suhl (1856) Die Geschichte der legend\u00e4ren Marke Simson begann 1856 im Herzen des Th\u00fcringer Waldes, in der Stadt Suhl, die schon damals f\u00fcr ihre traditionsreiche Waffen- und Metallherstellung bekannt war. Genau hier gr\u00fcndeten die Br\u00fcder L\u00f6b und Moses Simson die Firma Simson &amp; Co. Ihre urspr\u00fcngliche Absicht war nicht die [&hellip;]<\/p>\n","protected":false},"author":2,"featured_media":0,"parent":0,"menu_order":0,"comment_status":"closed","ping_status":"closed","template":"elementor_header_footer","meta":{"footnotes":""},"class_list":["post-136","page","type-page","status-publish","hentry"],"_links":{"self":[{"href":"https:\/\/simsonmotorrad.de\/index.php?rest_route=\/wp\/v2\/pages\/136","targetHints":{"allow":["GET"]}}],"collection":[{"href":"https:\/\/simsonmotorrad.de\/index.php?rest_route=\/wp\/v2\/pages"}],"about":[{"href":"https:\/\/simsonmotorrad.de\/index.php?rest_route=\/wp\/v2\/types\/page"}],"author":[{"embeddable":true,"href":"https:\/\/simsonmotorrad.de\/index.php?rest_route=\/wp\/v2\/users\/2"}],"replies":[{"embeddable":true,"href":"https:\/\/simsonmotorrad.de\/index.php?rest_route=%2Fwp%2Fv2%2Fcomments&post=136"}],"version-history":[{"count":12,"href":"https:\/\/simsonmotorrad.de\/index.php?rest_route=\/wp\/v2\/pages\/136\/revisions"}],"predecessor-version":[{"id":180,"href":"https:\/\/simsonmotorrad.de\/index.php?rest_route=\/wp\/v2\/pages\/136\/revisions\/180"}],"wp:attachment":[{"href":"https:\/\/simsonmotorrad.de\/index.php?rest_route=%2Fwp%2Fv2%2Fmedia&parent=136"}],"curies":[{"name":"wp","href":"https:\/\/api.w.org\/{rel}","templated":true}]}}